{"id":2,"date":"2021-12-07T17:49:51","date_gmt":"2021-12-07T17:49:51","guid":{"rendered":"http:\/\/montclair-d.schools-d.dpsk12.org\/?page_id=2"},"modified":"2026-01-06T20:09:24","modified_gmt":"2026-01-06T20:09:24","slug":"home","status":"publish","type":"page","link":"https:\/\/montclair.dpsk12.org\/es\/","title":{"rendered":"Home"},"content":{"rendered":"\n<h2 class=\"wp-block-heading has-text-align-center\">News<\/h2>\n\n\n\n\n\t<div id=\"news-feed-block_7852ee8e6ea614221bd8efcff4a7850d\" class=\"news-feed row\">\n\t\t<!-- the loop -->\n\t\t\t\t\t\t\t\t<div class=\"col-xs-12 col-sm-6 col-md-6 col-lg-4\">\n\t\t\t\t<div class=\"news-feed-item\">\n\t\t\t\t\t<div class=\"news-feed-item-post-date\">\n\t\t\t\t\t\tenero 12, 2026\t\t\t\t\t<\/div>\n\t\t\t\t\t<a href=\"https:\/\/montclair.dpsk12.org\/es\/2026\/01\/12\/thursday-2-125pm-6pm_dps-edtech-team-presents-raising-media-savvy-kids-jueves-12-2-a-las-5pm-6pm_el-equipo-de-tecnologia-educativa-de-dps-presenta-como-criar-ninos-con-conocimientos-de-medios\/\"><div class=\"news-feed-item-image\" style=\"background-image: url('https:\/\/montclair.dpsk12.org\/wp-content\/uploads\/sites\/205\/PAC-Meeting-Feb-12-2026-for-Website-1024x791.png');\"><\/div><\/a>\n\t\t\t\t\t<div class=\"news-feed-item-content\">\n\t\t\t\t\t\t<h4><a href=\"https:\/\/montclair.dpsk12.org\/es\/2026\/01\/12\/thursday-2-125pm-6pm_dps-edtech-team-presents-raising-media-savvy-kids-jueves-12-2-a-las-5pm-6pm_el-equipo-de-tecnologia-educativa-de-dps-presenta-como-criar-ninos-con-conocimientos-de-medios\/\">Thursday 2\/12@5pm-6pm_DPS EdTech Team Presents: Raising Media Savvy Kids\/\/\/Jueves 12\/2 a las 5pm-6pm_El equipo de tecnolog\u00eda educativa de DPS presenta: C\u00f3mo criar ni\u00f1os con conocimientos de medios<\/a><\/h4>\n\n\t\t\t\t\t\t\t\t\t\t\t\t\t&#8230; <a style=\"display: block; padding-top:10px\" class=\"news-feed-cr-link\" href=\"https:\/\/montclair.dpsk12.org\/es\/2026\/01\/12\/thursday-2-125pm-6pm_dps-edtech-team-presents-raising-media-savvy-kids-jueves-12-2-a-las-5pm-6pm_el-equipo-de-tecnologia-educativa-de-dps-presenta-como-criar-ninos-con-conocimientos-de-medios\/\">Continue Reading<\/a>\t\t\t\t\t\t\n\t\t\t\t\t\t\n\n\t\t\t\t\t<\/div>\n\t\t\t\t<\/div>\n\t\t\t<\/div>\n\t\t\t\t\t\t\t\t\t\t\t<div class=\"col-xs-12 col-sm-6 col-md-6 col-lg-4\">\n\t\t\t\t<div class=\"news-feed-item\">\n\t\t\t\t\t<div class=\"news-feed-item-post-date\">\n\t\t\t\t\t\tenero 6, 2026\t\t\t\t\t<\/div>\n\t\t\t\t\t<a href=\"https:\/\/montclair.dpsk12.org\/es\/2026\/01\/06\/mon-1-19_no-school_martin-luther-king-jr-day\/\"><div class=\"news-feed-item-image\" style=\"background-image: url('https:\/\/montclair.dpsk12.org\/wp-content\/uploads\/sites\/205\/Blue-and-Red-Minimalist-Martin-Luther-King-Kr-Day-Instagram-Story.png');\"><\/div><\/a>\n\t\t\t\t\t<div class=\"news-feed-item-content\">\n\t\t\t\t\t\t<h4><a href=\"https:\/\/montclair.dpsk12.org\/es\/2026\/01\/06\/mon-1-19_no-school_martin-luther-king-jr-day\/\">Monday 1\/19_NO SCHOOL_Martin Luther King Jr. Day\/\/\/Lunes 19 de enero de 2026 D\u00eda de Martin Luther King Jr. NO HAY CLASES<\/a><\/h4>\n\n\t\t\t\t\t\t\t\t\t\t\t\t\t&#8230; <a style=\"display: block; padding-top:10px\" class=\"news-feed-cr-link\" href=\"https:\/\/montclair.dpsk12.org\/es\/2026\/01\/06\/mon-1-19_no-school_martin-luther-king-jr-day\/\">Continue Reading<\/a>\t\t\t\t\t\t\n\t\t\t\t\t\t\n\n\t\t\t\t\t<\/div>\n\t\t\t\t<\/div>\n\t\t\t<\/div>\n\t\t\t\t\t\t\t\t\t\t\t<div class=\"col-xs-12 col-sm-6 col-md-6 col-lg-4\">\n\t\t\t\t<div class=\"news-feed-item\">\n\t\t\t\t\t<div class=\"news-feed-item-post-date\">\n\t\t\t\t\t\tenero 6, 2026\t\t\t\t\t<\/div>\n\t\t\t\t\t<a href=\"https:\/\/montclair.dpsk12.org\/es\/2026\/01\/06\/two-weeks-left-of-schoolchoice\/\"><div class=\"news-feed-item-image\" style=\"background-image: url('https:\/\/montclair.dpsk12.org\/wp-content\/uploads\/sites\/205\/Two-Weeks-Left-of-SchoolChoice-Denver-Public-Schools-January-6-2026-Have-you-submitted-your-2026-2027-SchoolChoice-application-The-Round-1-window-is-only-open-until-4-p.m.-on-Jan.-20-Remember--791x1024.png');\"><\/div><\/a>\n\t\t\t\t\t<div class=\"news-feed-item-content\">\n\t\t\t\t\t\t<h4><a href=\"https:\/\/montclair.dpsk12.org\/es\/2026\/01\/06\/two-weeks-left-of-schoolchoice\/\">Two Weeks Left of SchoolChoice!<\/a><\/h4>\n\n\t\t\t\t\t\t\t\t\t\t\t\t\tTwo Weeks Left of SchoolChoice!\n\n\nDenver Public Schools\n\n\nJanuary 6, 2026\n\n\nHave you submitted your 2026-2027 SchoolChoice application? The <a href=\"https:\/\/schoolchoice.dpsk12.org\/o\/schoolchoice\/page\/round-1?utm_source=news&#038;utm_medium=web&#038;utm_id=2627schoolchoice\">Round 1<\/a> window is only open until 4 p.m. on Jan. 20! Remember, this annual open enrollment process is required for any student who wants or needs to attend a new school next year,&#8230; <a style=\"display: block; padding-top:10px\" class=\"news-feed-cr-link\" href=\"https:\/\/montclair.dpsk12.org\/es\/2026\/01\/06\/two-weeks-left-of-schoolchoice\/\">Continue Reading<\/a>\t\t\t\t\t\t\n\t\t\t\t\t\t\n\n\t\t\t\t\t<\/div>\n\t\t\t\t<\/div>\n\t\t\t<\/div>\n\t\t\t\t\t\t\t<!-- end of the loop -->\n\t\t\n\t<\/div>\n\n\t\n\t\n\t\n\n\n\n\n<div style=\"height:10px\" aria-hidden=\"true\" class=\"wp-block-spacer\"><\/div>\n\n\n\n<figure class=\"wp-block-image size-large\"><img loading=\"lazy\" decoding=\"async\" width=\"1024\" height=\"791\" src=\"https:\/\/montclair.dpsk12.org\/wp-content\/uploads\/sites\/205\/Untitled-design-4-1024x791.png\" alt=\"\" class=\"wp-image-7043\" srcset=\"https:\/\/montclair.dpsk12.org\/wp-content\/uploads\/sites\/205\/Untitled-design-4-1024x791.png 1024w, https:\/\/montclair.dpsk12.org\/wp-content\/uploads\/sites\/205\/Untitled-design-4-300x232.png 300w, https:\/\/montclair.dpsk12.org\/wp-content\/uploads\/sites\/205\/Untitled-design-4-768x593.png 768w, https:\/\/montclair.dpsk12.org\/wp-content\/uploads\/sites\/205\/Untitled-design-4-1536x1187.png 1536w, https:\/\/montclair.dpsk12.org\/wp-content\/uploads\/sites\/205\/Untitled-design-4.png 2000w\" sizes=\"(max-width: 1024px) 100vw, 1024px\" \/><\/figure>\n\n\n\n<div class=\"wp-block-buttons is-horizontal is-content-justification-center is-layout-flex wp-container-core-buttons-is-layout-1 wp-block-buttons-is-layout-flex\">\n<div class=\"wp-block-button\"><a class=\"wp-block-button__link wp-element-button\" href=\"\/category\/news\">More News<\/a><\/div>\n<\/div>\n\n\n\n<div style=\"height:20px\" aria-hidden=\"true\" class=\"wp-block-spacer\"><\/div>\n\n\n\n<hr class=\"wp-block-separator has-css-opacity\"\/>\n\n\n\n<div class=\"wp-block-coblocks-row coblocks-row-111113581559\" data-columns=\"2\" data-layout=\"50-50\"><div class=\"wp-block-coblocks-row__inner has-no-padding has-no-margin is-stacked-on-mobile has-medium-gutter\">\n<div class=\"wp-block-coblocks-column coblocks-column-111113582758\" style=\"width:50%\"><div class=\"wp-block-coblocks-column__inner has-no-padding has-no-margin\"><\/div><\/div>\n\n\n\n<div class=\"wp-block-coblocks-column coblocks-column-111113582761\" style=\"width:50%\"><div class=\"wp-block-coblocks-column__inner has-no-padding has-no-margin\">\n<div style=\"height:10px\" aria-hidden=\"true\" class=\"wp-block-spacer\"><\/div>\n\n\n\n<div style=\"height:20px\" aria-hidden=\"true\" class=\"wp-block-spacer\"><\/div>\n<\/div><\/div>\n<\/div><\/div>\n\n\n\n<hr class=\"wp-block-separator has-css-opacity\"\/>\n\n\n\n<h2 class=\"wp-block-heading has-text-align-center\">Upcoming Events<\/h2>\n\n\n\n<div style=\"height:10px\" aria-hidden=\"true\" class=\"wp-block-spacer\"><\/div>\n\n\n\n  <div id=\"events-feed-block_a61056a0a044069f4c6037e5a61dbdca\" class=\"events-feed row\">\n\n              <div class=\"alert alert-primary\" role=\"alert\">No Current Events<\/div>\n  \n\n\n\n<div class=\"wp-block-buttons is-horizontal is-content-justification-center is-layout-flex wp-container-core-buttons-is-layout-2 wp-block-buttons-is-layout-flex\">\n<div class=\"wp-block-button\"><a class=\"wp-block-button__link wp-element-button\" href=\"https:\/\/www.canva.com\/design\/DAGvT_HDSKo\/E_siZle8hgYQhy3Q5YtxMw\/view?utm_content=DAGvT_HDSKo&#038;utm_campaign=designshare&#038;utm_medium=link2&#038;utm_source=uniquelinks&#038;utlId=h4f676a02c5\">View Events<\/a><\/div>\n<\/div>\n\n\n\n<figure class=\"wp-block-image size-large\"><img loading=\"lazy\" decoding=\"async\" width=\"1024\" height=\"791\" src=\"https:\/\/montclair.dpsk12.org\/wp-content\/uploads\/sites\/205\/2025-26-School-Year-Calendar-MONTCLAIR-FINALIZED-1.pdf-1-1024x791.png\" alt=\"\" class=\"wp-image-6876\" srcset=\"https:\/\/montclair.dpsk12.org\/wp-content\/uploads\/sites\/205\/2025-26-School-Year-Calendar-MONTCLAIR-FINALIZED-1.pdf-1-1024x791.png 1024w, https:\/\/montclair.dpsk12.org\/wp-content\/uploads\/sites\/205\/2025-26-School-Year-Calendar-MONTCLAIR-FINALIZED-1.pdf-1-300x232.png 300w, https:\/\/montclair.dpsk12.org\/wp-content\/uploads\/sites\/205\/2025-26-School-Year-Calendar-MONTCLAIR-FINALIZED-1.pdf-1-768x593.png 768w, https:\/\/montclair.dpsk12.org\/wp-content\/uploads\/sites\/205\/2025-26-School-Year-Calendar-MONTCLAIR-FINALIZED-1.pdf-1-1536x1187.png 1536w, https:\/\/montclair.dpsk12.org\/wp-content\/uploads\/sites\/205\/2025-26-School-Year-Calendar-MONTCLAIR-FINALIZED-1.pdf-1.png 2000w\" sizes=\"(max-width: 1024px) 100vw, 1024px\" \/><figcaption class=\"wp-element-caption\">2025-26 School Year Calendar MONTCLAIR (FINALIZED).pdf<\/figcaption><\/figure>\n\n\n\n<p><br>1\/5- Non-Student Day- NO SCHOOL<br>1\/6- Students Return from Winter Break<br>1\/8- EARLY RELEASE: Out at 1:10pm<br>1\/12- SAC Meeting@ 3:30-5:30 (In-person)<br>1\/19- Martin Luther King Jr. Day- NO SCHOOL<br>1\/26- SAC Meeting<br><\/p>\n\n\n\n\n\n\n\n<div style=\"height:20px\" aria-hidden=\"true\" class=\"wp-block-spacer\"><\/div>\n\n\n\n<p><\/p>\n","protected":false},"excerpt":{"rendered":"<p>News Upcoming Events 1\/5- Non-Student Day- NO SCHOOL1\/6- Students Return from Winter Break1\/8- EARLY RELEASE: Out at 1:10pm1\/12- SAC Meeting@ 3:30-5:30 (In-person)1\/19- Martin Luther King Jr. Day- NO SCHOOL1\/26- SAC Meeting<\/p>\n","protected":false},"author":1537,"featured_media":0,"parent":0,"menu_order":0,"comment_status":"closed","ping_status":"closed","template":"page-home.php","meta":{"_coblocks_attr":"","_coblocks_dimensions":"","_coblocks_responsive_height":"","_coblocks_accordion_ie_support":"","footnotes":""},"class_list":["post-2","page","type-page","status-publish","hentry"],"acf":[],"_links":{"self":[{"href":"https:\/\/montclair.dpsk12.org\/es\/wp-json\/wp\/v2\/pages\/2"}],"collection":[{"href":"https:\/\/montclair.dpsk12.org\/es\/wp-json\/wp\/v2\/pages"}],"about":[{"href":"https:\/\/montclair.dpsk12.org\/es\/wp-json\/wp\/v2\/types\/page"}],"author":[{"embeddable":true,"href":"https:\/\/montclair.dpsk12.org\/es\/wp-json\/wp\/v2\/users\/1537"}],"replies":[{"embeddable":true,"href":"https:\/\/montclair.dpsk12.org\/es\/wp-json\/wp\/v2\/comments?post=2"}],"version-history":[{"count":134,"href":"https:\/\/montclair.dpsk12.org\/es\/wp-json\/wp\/v2\/pages\/2\/revisions"}],"predecessor-version":[{"id":7448,"href":"https:\/\/montclair.dpsk12.org\/es\/wp-json\/wp\/v2\/pages\/2\/revisions\/7448"}],"wp:attachment":[{"href":"https:\/\/montclair.dpsk12.org\/es\/wp-json\/wp\/v2\/media?parent=2"}],"curies":[{"name":"wp","href":"https:\/\/api.w.org\/{rel}","templated":true}]}}