{"id":6332,"date":"2024-08-22T20:48:24","date_gmt":"2024-08-22T20:48:24","guid":{"rendered":"https:\/\/montclair.dpsk12.org\/?page_id=6332"},"modified":"2024-08-22T20:48:25","modified_gmt":"2024-08-22T20:48:25","slug":"home-page-2-0","status":"publish","type":"page","link":"https:\/\/montclair.dpsk12.org\/es\/home-page-2-0\/","title":{"rendered":"Home Page 2.0"},"content":{"rendered":"\n<figure class=\"wp-block-image size-full\"><img decoding=\"async\" src=\"http:\/\/montclair.dpsk12.org\/wp-content\/uploads\/sites\/205\/Back-to-School-Nighttt-e1723756565242.jpg\" alt=\"\" class=\"wp-image-6378\"\/><\/figure>\n\n\n\n\n\t<div id=\"news-feed-block_a1b60e8a1a475ac48b7c6422a665422c\" class=\"news-feed row\">\n\t\t<!-- the loop -->\n\t\t\t\t\t\t\t\t<div class=\"col-xs-12 col-sm-12 col-md-12 col-lg-12\">\n\t\t\t\t<div class=\"news-feed-item\">\n\t\t\t\t\t<div class=\"news-feed-item-post-date\">\n\t\t\t\t\t\tenero 12, 2026\t\t\t\t\t<\/div>\n\t\t\t\t\t<a href=\"https:\/\/montclair.dpsk12.org\/es\/2026\/01\/12\/thursday-2-125pm-6pm_dps-edtech-team-presents-raising-media-savvy-kids-jueves-12-2-a-las-5pm-6pm_el-equipo-de-tecnologia-educativa-de-dps-presenta-como-criar-ninos-con-conocimientos-de-medios\/\"><div class=\"news-feed-item-image\" style=\"background-image: url('https:\/\/montclair.dpsk12.org\/wp-content\/uploads\/sites\/205\/PAC-Meeting-Feb-12-2026-for-Website-1024x791.png');\"><\/div><\/a>\n\t\t\t\t\t<div class=\"news-feed-item-content\">\n\t\t\t\t\t\t<h4><a href=\"https:\/\/montclair.dpsk12.org\/es\/2026\/01\/12\/thursday-2-125pm-6pm_dps-edtech-team-presents-raising-media-savvy-kids-jueves-12-2-a-las-5pm-6pm_el-equipo-de-tecnologia-educativa-de-dps-presenta-como-criar-ninos-con-conocimientos-de-medios\/\">Thursday 2\/12@5pm-6pm_DPS EdTech Team Presents: Raising Media Savvy Kids\/\/\/Jueves 12\/2 a las 5pm-6pm_El equipo de tecnolog\u00eda educativa de DPS presenta: C\u00f3mo criar ni\u00f1os con conocimientos de medios<\/a><\/h4>\n\n\t\t\t\t\t\t\t\t\t\t\t\t\t\t\t\t\t\t\t\t<!-- normal excerpt begins -->\n\t\t\t\t\t\t\t\t\t\t\t\t\t\t\t\t\t\t\t\t\t\t\t\t\t\t\t\t\t\t\t\t\t\t\t\t<!-- normal excerpt ends -->\n\t\t\t\t\t\t\n\t\t\t\t\t\t\n\n\t\t\t\t\t<\/div>\n\t\t\t\t<\/div>\n\t\t\t<\/div>\n\t\t\t\t\t\t\t\t\t\t\t<div class=\"col-xs-12 col-sm-12 col-md-12 col-lg-12\">\n\t\t\t\t<div class=\"news-feed-item\">\n\t\t\t\t\t<div class=\"news-feed-item-post-date\">\n\t\t\t\t\t\tenero 6, 2026\t\t\t\t\t<\/div>\n\t\t\t\t\t<a href=\"https:\/\/montclair.dpsk12.org\/es\/2026\/01\/06\/mon-1-19_no-school_martin-luther-king-jr-day\/\"><div class=\"news-feed-item-image\" style=\"background-image: url('https:\/\/montclair.dpsk12.org\/wp-content\/uploads\/sites\/205\/Blue-and-Red-Minimalist-Martin-Luther-King-Kr-Day-Instagram-Story.png');\"><\/div><\/a>\n\t\t\t\t\t<div class=\"news-feed-item-content\">\n\t\t\t\t\t\t<h4><a href=\"https:\/\/montclair.dpsk12.org\/es\/2026\/01\/06\/mon-1-19_no-school_martin-luther-king-jr-day\/\">Monday 1\/19_NO SCHOOL_Martin Luther King Jr. Day\/\/\/Lunes 19 de enero de 2026 D\u00eda de Martin Luther King Jr. NO HAY CLASES<\/a><\/h4>\n\n\t\t\t\t\t\t\t\t\t\t\t\t\t\t\t\t\t\t\t\t<!-- normal excerpt begins -->\n\t\t\t\t\t\t\t\t\t\t\t\t\t\t\t\t\t\t\t\t\t\t\t\t\t\t\t\t\t\t\t\t\t\t\t\t<!-- normal excerpt ends -->\n\t\t\t\t\t\t\n\t\t\t\t\t\t\n\n\t\t\t\t\t<\/div>\n\t\t\t\t<\/div>\n\t\t\t<\/div>\n\t\t\t\t\t\t\t\t\t\t\t<div class=\"col-xs-12 col-sm-12 col-md-12 col-lg-12\">\n\t\t\t\t<div class=\"news-feed-item\">\n\t\t\t\t\t<div class=\"news-feed-item-post-date\">\n\t\t\t\t\t\tenero 6, 2026\t\t\t\t\t<\/div>\n\t\t\t\t\t<a href=\"https:\/\/montclair.dpsk12.org\/es\/2026\/01\/06\/two-weeks-left-of-schoolchoice\/\"><div class=\"news-feed-item-image\" style=\"background-image: url('https:\/\/montclair.dpsk12.org\/wp-content\/uploads\/sites\/205\/Two-Weeks-Left-of-SchoolChoice-Denver-Public-Schools-January-6-2026-Have-you-submitted-your-2026-2027-SchoolChoice-application-The-Round-1-window-is-only-open-until-4-p.m.-on-Jan.-20-Remember--791x1024.png');\"><\/div><\/a>\n\t\t\t\t\t<div class=\"news-feed-item-content\">\n\t\t\t\t\t\t<h4><a href=\"https:\/\/montclair.dpsk12.org\/es\/2026\/01\/06\/two-weeks-left-of-schoolchoice\/\">Two Weeks Left of SchoolChoice!<\/a><\/h4>\n\n\t\t\t\t\t\t\t\t\t\t\t\t\t\t\t\t\t\t\t\t<!-- normal excerpt begins -->\n\t\t\t\t\t\t\t\t\t\t\t\t\t\t\t\t\t\t\t\t\t\t<p>Two Weeks Left of SchoolChoice! Denver Public Schools January 6, 2026 Have you submitted your 2026-2027 SchoolChoice application? The Round 1 window is only open until 4 p.m. on Jan. 20! Remember, this annual open enrollment process is required for<span>&#8230;<\/span><a style=\"display: block; padding-top:10px\" class=\"news-feed-cr-link\" href=\"https:\/\/montclair.dpsk12.org\/es\/2026\/01\/06\/two-weeks-left-of-schoolchoice\/\">Continue Reading<\/a><\/p>\n\t\t\t\t\t\t\t\t\t\t\t\t\t\t<!-- normal excerpt ends -->\n\t\t\t\t\t\t\n\t\t\t\t\t\t\n\n\t\t\t\t\t<\/div>\n\t\t\t\t<\/div>\n\t\t\t<\/div>\n\t\t\t\t\t\t\t<!-- end of the loop -->\n\t\t\n\t<\/div>\n\n\t\n\t\t<div class=\"center-paging\">\n\t\n\n\t\t\t\n\t\t\t\t<ul class=\"custom-news-pagination\">\n\t\t\t\t\t\t\t\t\t\t<li>\n\t\t\t\t\t\t\t\t\t\t\t\t\t<strong><span>1<\/span><\/strong>\n\t\t\t\t\t\t\t\t\t\t\t<\/li>\n\t\t\t\t\t\t\t\t\t\t<li>\n\t\t\t\t\t\t\t\t\t\t\t\t\t<a href=\"https:\/\/montclair.dpsk12.org\/es\/wp-json\/wp\/v2\/pages\/6332\/page\/2\/\">\n\t\t\t\t\t\t\t\t2\t\t\t\t\t\t\t<\/a>\n\t\t\t\t\t\t\t\t\t\t\t<\/li>\n\t\t\t\t\t\t\t\t\t\t<li>\n\t\t\t\t\t\t\t\t\t\t\t\t\t<a href=\"https:\/\/montclair.dpsk12.org\/es\/wp-json\/wp\/v2\/pages\/6332\/page\/3\/\">\n\t\t\t\t\t\t\t\t3\t\t\t\t\t\t\t<\/a>\n\t\t\t\t\t\t\t\t\t\t\t<\/li>\n\t\t\t\t\t\t\t\t\t\t<li>\n\t\t\t\t\t\t\t\t\t\t\t\t\t<a href=\"https:\/\/montclair.dpsk12.org\/es\/wp-json\/wp\/v2\/pages\/6332\/page\/4\/\">\n\t\t\t\t\t\t\t\t4\t\t\t\t\t\t\t<\/a>\n\t\t\t\t\t\t\t\t\t\t\t<\/li>\n\t\t\t\t\t\t\t\t\t\t<li>\n\t\t\t\t\t\t\t\t\t\t\t\t\t<a href=\"https:\/\/montclair.dpsk12.org\/es\/wp-json\/wp\/v2\/pages\/6332\/page\/5\/\">\n\t\t\t\t\t\t\t\t5\t\t\t\t\t\t\t<\/a>\n\t\t\t\t\t\t\t\t\t\t\t<\/li>\n\t\t\t\t\t\t\t\t\t\t<li>\n\t\t\t\t\t\t\t\t\t\t\t\t\t<a href=\"https:\/\/montclair.dpsk12.org\/es\/wp-json\/wp\/v2\/pages\/6332\/page\/6\/\">\n\t\t\t\t\t\t\t\t6\t\t\t\t\t\t\t<\/a>\n\t\t\t\t\t\t\t\t\t\t\t<\/li>\n\t\t\t\t\t\t\t\t\t\t<li>\n\t\t\t\t\t\t\t\t\t\t\t\t\t<a href=\"https:\/\/montclair.dpsk12.org\/es\/wp-json\/wp\/v2\/pages\/6332\/page\/7\/\">\n\t\t\t\t\t\t\t\t7\t\t\t\t\t\t\t<\/a>\n\t\t\t\t\t\t\t\t\t\t\t<\/li>\n\t\t\t\t\t\t\t\t\t\t<li>\n\t\t\t\t\t\t\t\t\t\t\t\t\t<a href=\"https:\/\/montclair.dpsk12.org\/es\/wp-json\/wp\/v2\/pages\/6332\/page\/8\/\">\n\t\t\t\t\t\t\t\t8\t\t\t\t\t\t\t<\/a>\n\t\t\t\t\t\t\t\t\t\t\t<\/li>\n\t\t\t\t\t\t\t\t\t\t<li>\n\t\t\t\t\t\t\t\t\t\t\t\t\t<a href=\"https:\/\/montclair.dpsk12.org\/es\/wp-json\/wp\/v2\/pages\/6332\/page\/9\/\">\n\t\t\t\t\t\t\t\t9\t\t\t\t\t\t\t<\/a>\n\t\t\t\t\t\t\t\t\t\t\t<\/li>\n\t\t\t\t\t\t\t\t\t\t<li>\n\t\t\t\t\t\t\t\t\t\t\t\t\t<a href=\"https:\/\/montclair.dpsk12.org\/es\/wp-json\/wp\/v2\/pages\/6332\/page\/10\/\">\n\t\t\t\t\t\t\t\t10\t\t\t\t\t\t\t<\/a>\n\t\t\t\t\t\t\t\t\t\t\t<\/li>\n\t\t\t\t\t\t\t\t\t\t<li>\n\t\t\t\t\t\t\t\t\t\t\t\t\t<a href=\"https:\/\/montclair.dpsk12.org\/es\/wp-json\/wp\/v2\/pages\/6332\/page\/11\/\">\n\t\t\t\t\t\t\t\t11\t\t\t\t\t\t\t<\/a>\n\t\t\t\t\t\t\t\t\t\t\t<\/li>\n\t\t\t\t\t\t\t\t\t\t<li>\n\t\t\t\t\t\t\t\t\t\t\t\t\t<a href=\"https:\/\/montclair.dpsk12.org\/es\/wp-json\/wp\/v2\/pages\/6332\/page\/12\/\">\n\t\t\t\t\t\t\t\t12\t\t\t\t\t\t\t<\/a>\n\t\t\t\t\t\t\t\t\t\t\t<\/li>\n\t\t\t\t\t\t\t\t\t\t<li>\n\t\t\t\t\t\t\t\t\t\t\t\t\t<a href=\"https:\/\/montclair.dpsk12.org\/es\/wp-json\/wp\/v2\/pages\/6332\/page\/13\/\">\n\t\t\t\t\t\t\t\t13\t\t\t\t\t\t\t<\/a>\n\t\t\t\t\t\t\t\t\t\t\t<\/li>\n\t\t\t\t\t\t\t\t\t\t<li>\n\t\t\t\t\t\t\t\t\t\t\t\t\t<a href=\"https:\/\/montclair.dpsk12.org\/es\/wp-json\/wp\/v2\/pages\/6332\/page\/14\/\">\n\t\t\t\t\t\t\t\t14\t\t\t\t\t\t\t<\/a>\n\t\t\t\t\t\t\t\t\t\t\t<\/li>\n\t\t\t\t\t\t\t\t\t\t<li>\n\t\t\t\t\t\t\t\t\t\t\t\t\t<a href=\"https:\/\/montclair.dpsk12.org\/es\/wp-json\/wp\/v2\/pages\/6332\/page\/15\/\">\n\t\t\t\t\t\t\t\t15\t\t\t\t\t\t\t<\/a>\n\t\t\t\t\t\t\t\t\t\t\t<\/li>\n\t\t\t\t\t\t\t\t\t\t<li>\n\t\t\t\t\t\t\t\t\t\t\t\t\t<a href=\"https:\/\/montclair.dpsk12.org\/es\/wp-json\/wp\/v2\/pages\/6332\/page\/16\/\">\n\t\t\t\t\t\t\t\t16\t\t\t\t\t\t\t<\/a>\n\t\t\t\t\t\t\t\t\t\t\t<\/li>\n\t\t\t\t\t\t\t\t\t\t<li>\n\t\t\t\t\t\t\t\t\t\t\t\t\t<a href=\"https:\/\/montclair.dpsk12.org\/es\/wp-json\/wp\/v2\/pages\/6332\/page\/17\/\">\n\t\t\t\t\t\t\t\t17\t\t\t\t\t\t\t<\/a>\n\t\t\t\t\t\t\t\t\t\t\t<\/li>\n\t\t\t\t\t\t\t\t\t\t<li>\n\t\t\t\t\t\t\t\t\t\t\t\t\t<a href=\"https:\/\/montclair.dpsk12.org\/es\/wp-json\/wp\/v2\/pages\/6332\/page\/18\/\">\n\t\t\t\t\t\t\t\t18\t\t\t\t\t\t\t<\/a>\n\t\t\t\t\t\t\t\t\t\t\t<\/li>\n\t\t\t\t\t\t\t\t\t\t<li>\n\t\t\t\t\t\t\t\t\t\t\t\t\t<a href=\"https:\/\/montclair.dpsk12.org\/es\/wp-json\/wp\/v2\/pages\/6332\/page\/19\/\">\n\t\t\t\t\t\t\t\t19\t\t\t\t\t\t\t<\/a>\n\t\t\t\t\t\t\t\t\t\t\t<\/li>\n\t\t\t\t\t\t\t\t\t\t<li>\n\t\t\t\t\t\t\t\t\t\t\t\t\t<a href=\"https:\/\/montclair.dpsk12.org\/es\/wp-json\/wp\/v2\/pages\/6332\/page\/20\/\">\n\t\t\t\t\t\t\t\t20\t\t\t\t\t\t\t<\/a>\n\t\t\t\t\t\t\t\t\t\t\t<\/li>\n\t\t\t\t\t\t\t\t\t\t<li>\n\t\t\t\t\t\t\t\t\t\t\t\t\t<a href=\"https:\/\/montclair.dpsk12.org\/es\/wp-json\/wp\/v2\/pages\/6332\/page\/21\/\">\n\t\t\t\t\t\t\t\t21\t\t\t\t\t\t\t<\/a>\n\t\t\t\t\t\t\t\t\t\t\t<\/li>\n\t\t\t\t\t\t\t\t\t\t<li>\n\t\t\t\t\t\t\t\t\t\t\t\t\t<a href=\"https:\/\/montclair.dpsk12.org\/es\/wp-json\/wp\/v2\/pages\/6332\/page\/22\/\">\n\t\t\t\t\t\t\t\t22\t\t\t\t\t\t\t<\/a>\n\t\t\t\t\t\t\t\t\t\t\t<\/li>\n\t\t\t\t\t\t\t\t\t\t<li>\n\t\t\t\t\t\t\t\t\t\t\t\t\t<a href=\"https:\/\/montclair.dpsk12.org\/es\/wp-json\/wp\/v2\/pages\/6332\/page\/23\/\">\n\t\t\t\t\t\t\t\t23\t\t\t\t\t\t\t<\/a>\n\t\t\t\t\t\t\t\t\t\t\t<\/li>\n\t\t\t\t\t\t\t\t\t\t<li>\n\t\t\t\t\t\t\t\t\t\t\t\t\t<a href=\"https:\/\/montclair.dpsk12.org\/es\/wp-json\/wp\/v2\/pages\/6332\/page\/24\/\">\n\t\t\t\t\t\t\t\t24\t\t\t\t\t\t\t<\/a>\n\t\t\t\t\t\t\t\t\t\t\t<\/li>\n\t\t\t\t\t\t\t\t\t\t<li>\n\t\t\t\t\t\t\t\t\t\t\t\t\t<a href=\"https:\/\/montclair.dpsk12.org\/es\/wp-json\/wp\/v2\/pages\/6332\/page\/25\/\">\n\t\t\t\t\t\t\t\t25\t\t\t\t\t\t\t<\/a>\n\t\t\t\t\t\t\t\t\t\t\t<\/li>\n\t\t\t\t\t\t\t\t\t\t<li>\n\t\t\t\t\t\t\t\t\t\t\t\t\t<a href=\"https:\/\/montclair.dpsk12.org\/es\/wp-json\/wp\/v2\/pages\/6332\/page\/26\/\">\n\t\t\t\t\t\t\t\t26\t\t\t\t\t\t\t<\/a>\n\t\t\t\t\t\t\t\t\t\t\t<\/li>\n\t\t\t\t\t\t\t\t\t\t<li>\n\t\t\t\t\t\t\t\t\t\t\t\t\t<a href=\"https:\/\/montclair.dpsk12.org\/es\/wp-json\/wp\/v2\/pages\/6332\/page\/27\/\">\n\t\t\t\t\t\t\t\t27\t\t\t\t\t\t\t<\/a>\n\t\t\t\t\t\t\t\t\t\t\t<\/li>\n\t\t\t\t\t\t\t\t\t\t<li>\n\t\t\t\t\t\t\t\t\t\t\t\t\t<a href=\"https:\/\/montclair.dpsk12.org\/es\/wp-json\/wp\/v2\/pages\/6332\/page\/28\/\">\n\t\t\t\t\t\t\t\t28\t\t\t\t\t\t\t<\/a>\n\t\t\t\t\t\t\t\t\t\t\t<\/li>\n\t\t\t\t\t\t\t\t\t\t<li>\n\t\t\t\t\t\t\t\t\t\t\t\t\t<a href=\"https:\/\/montclair.dpsk12.org\/es\/wp-json\/wp\/v2\/pages\/6332\/page\/29\/\">\n\t\t\t\t\t\t\t\t29\t\t\t\t\t\t\t<\/a>\n\t\t\t\t\t\t\t\t\t\t\t<\/li>\n\t\t\t\t\t\t\t\t\t\t<li>\n\t\t\t\t\t\t\t\t\t\t\t\t\t<a href=\"https:\/\/montclair.dpsk12.org\/es\/wp-json\/wp\/v2\/pages\/6332\/page\/30\/\">\n\t\t\t\t\t\t\t\t30\t\t\t\t\t\t\t<\/a>\n\t\t\t\t\t\t\t\t\t\t\t<\/li>\n\t\t\t\t\t\t\t\t\t\t<li>\n\t\t\t\t\t\t\t\t\t\t\t\t\t<a href=\"https:\/\/montclair.dpsk12.org\/es\/wp-json\/wp\/v2\/pages\/6332\/page\/31\/\">\n\t\t\t\t\t\t\t\t31\t\t\t\t\t\t\t<\/a>\n\t\t\t\t\t\t\t\t\t\t\t<\/li>\n\t\t\t\t\t\t\t\t\t\t<li>\n\t\t\t\t\t\t\t\t\t\t\t\t\t<a href=\"https:\/\/montclair.dpsk12.org\/es\/wp-json\/wp\/v2\/pages\/6332\/page\/32\/\">\n\t\t\t\t\t\t\t\t32\t\t\t\t\t\t\t<\/a>\n\t\t\t\t\t\t\t\t\t\t\t<\/li>\n\t\t\t\t\t\t\t\t\t\t<li>\n\t\t\t\t\t\t\t\t\t\t\t\t\t<a href=\"https:\/\/montclair.dpsk12.org\/es\/wp-json\/wp\/v2\/pages\/6332\/page\/33\/\">\n\t\t\t\t\t\t\t\t33\t\t\t\t\t\t\t<\/a>\n\t\t\t\t\t\t\t\t\t\t\t<\/li>\n\t\t\t\t\t\t\t\t\t\t<li>\n\t\t\t\t\t\t\t\t\t\t\t\t\t<a href=\"https:\/\/montclair.dpsk12.org\/es\/wp-json\/wp\/v2\/pages\/6332\/page\/34\/\">\n\t\t\t\t\t\t\t\t34\t\t\t\t\t\t\t<\/a>\n\t\t\t\t\t\t\t\t\t\t\t<\/li>\n\t\t\t\t\t\t\t\t\t\t<li>\n\t\t\t\t\t\t\t\t\t\t\t\t\t<a href=\"https:\/\/montclair.dpsk12.org\/es\/wp-json\/wp\/v2\/pages\/6332\/page\/35\/\">\n\t\t\t\t\t\t\t\t35\t\t\t\t\t\t\t<\/a>\n\t\t\t\t\t\t\t\t\t\t\t<\/li>\n\t\t\t\t\t\t\t\t\t\t<li>\n\t\t\t\t\t\t\t\t\t\t\t\t\t<a href=\"https:\/\/montclair.dpsk12.org\/es\/wp-json\/wp\/v2\/pages\/6332\/page\/36\/\">\n\t\t\t\t\t\t\t\t36\t\t\t\t\t\t\t<\/a>\n\t\t\t\t\t\t\t\t\t\t\t<\/li>\n\t\t\t\t\t\t\t\t\t\t<li>\n\t\t\t\t\t\t\t\t\t\t\t\t\t<a href=\"https:\/\/montclair.dpsk12.org\/es\/wp-json\/wp\/v2\/pages\/6332\/page\/37\/\">\n\t\t\t\t\t\t\t\t37\t\t\t\t\t\t\t<\/a>\n\t\t\t\t\t\t\t\t\t\t\t<\/li>\n\t\t\t\t\t\t\t\t\t\t<li>\n\t\t\t\t\t\t\t\t\t\t\t\t\t<a href=\"https:\/\/montclair.dpsk12.org\/es\/wp-json\/wp\/v2\/pages\/6332\/page\/38\/\">\n\t\t\t\t\t\t\t\t38\t\t\t\t\t\t\t<\/a>\n\t\t\t\t\t\t\t\t\t\t\t<\/li>\n\t\t\t\t\t\t\t\t\t\t<li>\n\t\t\t\t\t\t\t\t\t\t\t\t\t<a href=\"https:\/\/montclair.dpsk12.org\/es\/wp-json\/wp\/v2\/pages\/6332\/page\/39\/\">\n\t\t\t\t\t\t\t\t39\t\t\t\t\t\t\t<\/a>\n\t\t\t\t\t\t\t\t\t\t\t<\/li>\n\t\t\t\t\t\t\t\t\t\t<li>\n\t\t\t\t\t\t\t\t\t\t\t\t\t<a href=\"https:\/\/montclair.dpsk12.org\/es\/wp-json\/wp\/v2\/pages\/6332\/page\/40\/\">\n\t\t\t\t\t\t\t\t40\t\t\t\t\t\t\t<\/a>\n\t\t\t\t\t\t\t\t\t\t\t<\/li>\n\t\t\t\t\t\t\t\t\t\t<li>\n\t\t\t\t\t\t\t\t\t\t\t\t\t<a href=\"https:\/\/montclair.dpsk12.org\/es\/wp-json\/wp\/v2\/pages\/6332\/page\/41\/\">\n\t\t\t\t\t\t\t\t41\t\t\t\t\t\t\t<\/a>\n\t\t\t\t\t\t\t\t\t\t\t<\/li>\n\t\t\t\t\t\t\t\t\t\t<li>\n\t\t\t\t\t\t\t\t\t\t\t\t\t<a href=\"https:\/\/montclair.dpsk12.org\/es\/wp-json\/wp\/v2\/pages\/6332\/page\/42\/\">\n\t\t\t\t\t\t\t\t42\t\t\t\t\t\t\t<\/a>\n\t\t\t\t\t\t\t\t\t\t\t<\/li>\n\t\t\t\t\t\t\t\t\t\t<li>\n\t\t\t\t\t\t\t\t\t\t\t\t\t<a href=\"https:\/\/montclair.dpsk12.org\/es\/wp-json\/wp\/v2\/pages\/6332\/page\/43\/\">\n\t\t\t\t\t\t\t\t43\t\t\t\t\t\t\t<\/a>\n\t\t\t\t\t\t\t\t\t\t\t<\/li>\n\t\t\t\t\t\t\t\t\t\t<li>\n\t\t\t\t\t\t\t\t\t\t\t\t\t<a href=\"https:\/\/montclair.dpsk12.org\/es\/wp-json\/wp\/v2\/pages\/6332\/page\/44\/\">\n\t\t\t\t\t\t\t\t44\t\t\t\t\t\t\t<\/a>\n\t\t\t\t\t\t\t\t\t\t\t<\/li>\n\t\t\t\t\t\t\t\t\t<\/ul>\n\n\t\t\t\n\t\t\t\n\n\t\t<\/div>\n\n\t\n\t\n\t\n\n","protected":false},"excerpt":{"rendered":"","protected":false},"author":2955,"featured_media":0,"parent":0,"menu_order":0,"comment_status":"closed","ping_status":"closed","template":"","meta":{"_coblocks_attr":"","_coblocks_dimensions":"","_coblocks_responsive_height":"","_coblocks_accordion_ie_support":"","footnotes":""},"class_list":["post-6332","page","type-page","status-publish","hentry"],"acf":[],"_links":{"self":[{"href":"https:\/\/montclair.dpsk12.org\/es\/wp-json\/wp\/v2\/pages\/6332"}],"collection":[{"href":"https:\/\/montclair.dpsk12.org\/es\/wp-json\/wp\/v2\/pages"}],"about":[{"href":"https:\/\/montclair.dpsk12.org\/es\/wp-json\/wp\/v2\/types\/page"}],"author":[{"embeddable":true,"href":"https:\/\/montclair.dpsk12.org\/es\/wp-json\/wp\/v2\/users\/2955"}],"replies":[{"embeddable":true,"href":"https:\/\/montclair.dpsk12.org\/es\/wp-json\/wp\/v2\/comments?post=6332"}],"version-history":[{"count":2,"href":"https:\/\/montclair.dpsk12.org\/es\/wp-json\/wp\/v2\/pages\/6332\/revisions"}],"predecessor-version":[{"id":6383,"href":"https:\/\/montclair.dpsk12.org\/es\/wp-json\/wp\/v2\/pages\/6332\/revisions\/6383"}],"wp:attachment":[{"href":"https:\/\/montclair.dpsk12.org\/es\/wp-json\/wp\/v2\/media?parent=6332"}],"curies":[{"name":"wp","href":"https:\/\/api.w.org\/{rel}","templated":true}]}}